{"id":112,"date":"2023-02-07T08:40:01","date_gmt":"2023-02-07T08:40:01","guid":{"rendered":"https:\/\/saatoenergia.fi\/en\/?page_id=112"},"modified":"2026-03-22T16:15:20","modified_gmt":"2026-03-22T16:15:20","slug":"sse","status":"publish","type":"page","link":"https:\/\/saatoenergia.fi\/en\/sse\/","title":{"rendered":"SSE"},"content":{"rendered":"\n\t<section class=\"section\" id=\"section_781455862\">\n\t\t<div class=\"bg section-bg fill bg-fill  bg-loaded\" >\n\n\t\t\t\t<div class=\"video-overlay no-click fill visible\"><\/div>\n\t<video class=\"video-bg fill visible\" preload playsinline autoplay muted loop>\n\t\t<source src=\"https:\/\/saatoenergia.fi\/en\/wp-content\/uploads\/2023\/02\/SSE_video_header.mp4\" type=\"video\/mp4\">\t<\/video>\n\n\t\t\t\n\t\t\t\n\n\t\t<\/div>\n\n\t\t\n\n\t\t<div class=\"section-content relative\">\n\t\t\t\n\n<div class=\"row\"  id=\"row-516427188\">\n\n\n\t<div id=\"col-1771126020\" class=\"col small-12 large-12\"  >\n\t\t\t\t<div class=\"col-inner text-center\"  >\n\t\t\t\n\t\t\t\n\n\t<div class=\"img has-hover x md-x lg-x y md-y lg-y\" id=\"image_2068597871\">\n\t\t\t\t\t\t\t\t<div class=\"img-inner dark\" >\n\t\t\t<img loading=\"lazy\" decoding=\"async\" width=\"670\" height=\"435\" src=\"https:\/\/saatoenergia.fi\/en\/wp-content\/uploads\/2023\/02\/sse-logo_light.png\" class=\"attachment-original size-original\" alt=\"\" srcset=\"https:\/\/saatoenergia.fi\/en\/wp-content\/uploads\/2023\/02\/sse-logo_light.png 670w, https:\/\/saatoenergia.fi\/en\/wp-content\/uploads\/2023\/02\/sse-logo_light-300x195.png 300w, https:\/\/saatoenergia.fi\/en\/wp-content\/uploads\/2023\/02\/sse-logo_light-600x390.png 600w\" sizes=\"auto, (max-width: 670px) 100vw, 670px\" \/>\t\t\t\t\t\t\n\t\t\t\t\t<\/div>\n\t\t\t\t\t\t\t\t\n<style>\n#image_2068597871 {\n  width: 60%;\n}\n@media (min-width:550px) {\n  #image_2068597871 {\n    width: 25%;\n  }\n}\n<\/style>\n\t<\/div>\n\t\n\n\t<div id=\"gap-1106894738\" class=\"gap-element clearfix\" style=\"display:block; height:auto;\">\n\t\t\n<style>\n#gap-1106894738 {\n  padding-top: 30px;\n}\n<\/style>\n\t<\/div>\n\t\n\n\t<div id=\"text-885566070\" class=\"text\">\n\t\t\n\n<h1 style=\"text-align: center;\"><span style=\"color: #ffffff;\">sustainable energy solutions<\/span><\/h1>\n\t\t\n<style>\n#text-885566070 {\n  font-size: 1.6rem;\n}\n<\/style>\n\t<\/div>\n\t\n\n\t\t<\/div>\n\t\t\t\t\t<\/div>\n\n\t\n\n<\/div>\n\n\t\t<\/div>\n\n\t\t\n<style>\n#section_781455862 {\n  padding-top: 0px;\n  padding-bottom: 0px;\n  min-height: 500px;\n}\n#section_781455862 .ux-shape-divider--top svg {\n  height: 150px;\n  --divider-top-width: 100%;\n}\n#section_781455862 .ux-shape-divider--bottom svg {\n  height: 150px;\n  --divider-width: 100%;\n}\n<\/style>\n\t<\/section>\n\t\n\t<section class=\"section\" id=\"section_1815162469\">\n\t\t<div class=\"bg section-bg fill bg-fill  bg-loaded\" >\n\n\t\t\t\n\t\t\t\n\t\t\t\n\n\t\t<\/div>\n\n\t\t\n\n\t\t<div class=\"section-content relative\">\n\t\t\t\n\n<div class=\"row\"  id=\"row-1532105616\">\n\n\n\t<div id=\"col-559347686\" class=\"col small-12 large-12\"  >\n\t\t\t\t<div class=\"col-inner\"  >\n\t\t\t\n\t\t\t\n\n<h3>SSE Suomen S\u00e4\u00e4t\u00f6energia Oy is a project developing company, focusing on sustainable energy solutions. SSE developing a network of hybrid refineries in Finland. The facilities are built and operated by Northern Biomethanol Ltd \u00a0(in Finnish: Pohjolan Biometanoli Oy), which is a subsidiary of SSE.<\/h3>\n<p>Today, energy wood and forest chips are mainly used in methods based on direct combustion. SSE is creating a plant network that increases the efficiency of using wood-based biomass by producing biomethanol. This production method combines three well-known technologies in industrial production: gasification of wood pulp, electrolytic hydrogen production and methanol synthesis are integrated into one plant unit &#8211; a hybrid refinery. Waste heat can also be utilised in local central heating systems.<\/p>\n<p>With its partners, SSE plans to build the biggest network of biorefineries in the Nordics.<\/p>\n\n\t\t<\/div>\n\t\t\t\t\t<\/div>\n\n\t\n\n<\/div>\n\n\t\t<\/div>\n\n\t\t\n<style>\n#section_1815162469 {\n  padding-top: 50px;\n  padding-bottom: 50px;\n}\n#section_1815162469 .ux-shape-divider--top svg {\n  height: 150px;\n  --divider-top-width: 100%;\n}\n#section_1815162469 .ux-shape-divider--bottom svg {\n  height: 150px;\n  --divider-width: 100%;\n}\n<\/style>\n\t<\/section>\n\t\n\t<section class=\"section\" id=\"section_1839359859\">\n\t\t<div class=\"bg section-bg fill bg-fill  bg-loaded\" >\n\n\t\t\t\n\t\t\t\n\t\t\t\n\n\t\t<\/div>\n\n\t\t\n\n\t\t<div class=\"section-content relative\">\n\t\t\t\n\n<div class=\"row align-center\"  id=\"row-1870109462\">\n\n\n\t<div id=\"col-523636202\" class=\"col medium-7 small-12 large-7\"  >\n\t\t\t\t<div class=\"col-inner text-center\"  >\n\t\t\t\n\t\t\t\n\n<h3>Suomen S\u00e4\u00e4t\u00f6energia Oy<\/h3>\n\t<div id=\"text-2745708044\" class=\"text\">\n\t\t\n\n<h2>Administration<\/h2>\n\t\t\n<style>\n#text-2745708044 {\n  font-size: 2.05rem;\n}\n<\/style>\n\t<\/div>\n\t\n\n\t\t<\/div>\n\t\t\t\t\t<\/div>\n\n\t\n\n<\/div>\n<div class=\"row\"  id=\"row-457857236\">\n\n\n\t<div id=\"col-1811661194\" class=\"col small-12 large-12\"  >\n\t\t\t\t<div class=\"col-inner\"  >\n\t\t\t\n\t\t\t\n\n\t<div id=\"text-2470200674\" class=\"text\">\n\t\t\n\n<p>SSE&#8217;s team has long-term and diverse experience in planning and implementing various projects, guaranteeing solid expertise in project management of large international companies and the success of domestic regional development projects and project deliveries. An important part of the team&#8217;s competence is also knowledge of legislative work and an understanding of the impact of regulation on business operations.<\/p>\n<p>The business of the company&#8217;s partner companies includes importation, project management and business management consulting.<\/p>\n\t\t\n<style>\n#text-2470200674 {\n  text-align: center;\n}\n<\/style>\n\t<\/div>\n\t\n\n\t\t<\/div>\n\t\t\t\t\t<\/div>\n\n\t\n\n<\/div>\n<div class=\"row row-small\"  id=\"row-249846695\">\n\n\n\t<div id=\"col-267899596\" class=\"col medium-4 small-12 large-4\"  >\n\t\t\t\t<div class=\"col-inner\"  >\n\t\t\t\n\t\t\t\n\n    <div class=\"box has-hover has-hover box-push box-text-bottom\" >\n\n                  <div class=\"box-image \" style=\"width:85%;\">\n           <div class=\"box-image-inner image-cover\" style=\"padding-top:100%;\">\n              <img loading=\"lazy\" decoding=\"async\" width=\"400\" height=\"450\" src=\"https:\/\/saatoenergia.fi\/en\/wp-content\/uploads\/2023\/02\/kaj_turunen_sse.jpg\" class=\"attachment- size-\" alt=\"\" srcset=\"https:\/\/saatoenergia.fi\/en\/wp-content\/uploads\/2023\/02\/kaj_turunen_sse.jpg 400w, https:\/\/saatoenergia.fi\/en\/wp-content\/uploads\/2023\/02\/kaj_turunen_sse-267x300.jpg 267w\" sizes=\"auto, (max-width: 400px) 100vw, 400px\" \/>                         <\/div>\n          <\/div>\n         \n          <div class=\"box-text text-center\" style=\"background-color:rgb(255, 255, 255);padding:20px 20px 20px 20px;\">\n                <div class=\"box-text-inner\">\n                  <h4 class=\"uppercase\">\n                    <span class=\"person-name\">Kaj Turunen<\/span><br\/>\n                    <span class=\"person-title is-small thin-font op-7\">\n                      Chairman of the Board                    <\/span>\n                  <\/h4>\n                 <div class=\"social-icons follow-icons\" ><a href=\"mailto:#\" data-label=\"E-mail\" rel=\"nofollow\" class=\"icon button circle is-outline  email tooltip\" title=\"Send us an email\" aria-label=\"Send us an email\"><i class=\"icon-envelop\" ><\/i><\/a><a href=\"tel:#\" target=\"_blank\" data-label=\"Phone\" rel=\"noopener noreferrer nofollow\" class=\"icon button circle is-outline  phone tooltip\" title=\"Call us\" aria-label=\"Call us\"><i class=\"icon-phone\" ><\/i><\/a><\/div>                 \n\n<p>+358 (0)50 512 0663<\/p>\n<p>kaj.turunen@saatoenergia.fi<\/p>\n<p>\u00a0<\/p>\n<p>Long-term SME entrepreneur, two-term member of parliament and long-time chairman of the parliament&#8217;s finance committee.<\/p>\n\n\n                <\/div>\n          <\/div>\n    <\/div>\n\n\t\n    \n\n\t\t<\/div>\n\t\t\t\t\t<\/div>\n\n\t\n\n\t<div id=\"col-25423206\" class=\"col medium-4 small-12 large-4\"  >\n\t\t\t\t<div class=\"col-inner\"  >\n\t\t\t\n\t\t\t\n\n    <div class=\"box has-hover has-hover box-push box-text-bottom\" >\n\n                  <div class=\"box-image \" style=\"width:85%;\">\n           <div class=\"box-image-inner image-cover\" style=\"padding-top:100%;\">\n              <img loading=\"lazy\" decoding=\"async\" width=\"466\" height=\"640\" src=\"https:\/\/saatoenergia.fi\/en\/wp-content\/uploads\/2025\/05\/Ari-H-IMG_3332.jpg\" class=\"attachment- size-\" alt=\"\" srcset=\"https:\/\/saatoenergia.fi\/en\/wp-content\/uploads\/2025\/05\/Ari-H-IMG_3332.jpg 466w, https:\/\/saatoenergia.fi\/en\/wp-content\/uploads\/2025\/05\/Ari-H-IMG_3332-218x300.jpg 218w\" sizes=\"auto, (max-width: 466px) 100vw, 466px\" \/>                         <\/div>\n          <\/div>\n         \n          <div class=\"box-text text-center\" style=\"background-color:rgb(255, 255, 255);padding:20px 20px 20px 20px;\">\n                <div class=\"box-text-inner\">\n                  <h4 class=\"uppercase\">\n                    <span class=\"person-name\">Ari Heinonen<\/span><br\/>\n                    <span class=\"person-title is-small thin-font op-7\">\n                      CEO. Member of the board                    <\/span>\n                  <\/h4>\n                 <div class=\"social-icons follow-icons\" ><a href=\"mailto:ari.heinonen@saatoenergia.fi\" data-label=\"E-mail\" rel=\"nofollow\" class=\"icon button circle is-outline  email tooltip\" title=\"Send us an email\" aria-label=\"Send us an email\"><i class=\"icon-envelop\" ><\/i><\/a><a href=\"tel:+358 (0)500 573 217\" target=\"_blank\" data-label=\"Phone\" rel=\"noopener noreferrer nofollow\" class=\"icon button circle is-outline  phone tooltip\" title=\"Call us\" aria-label=\"Call us\"><i class=\"icon-phone\" ><\/i><\/a><\/div>                 \n\n<p>+358 500 573 217<\/p>\n<p>ari.heinonen@saatoenergia.fi<\/p>\n<p>\u00a0<\/p>\n\n                <\/div>\n          <\/div>\n    <\/div>\n\n\t\n    \n\n\t\t<\/div>\n\t\t\t\t\t<\/div>\n\n\t\n\n\t<div id=\"col-1806908280\" class=\"col medium-4 small-12 large-4\"  >\n\t\t\t\t<div class=\"col-inner\"  >\n\t\t\t\n\t\t\t\n\n    <div class=\"box has-hover has-hover box-push box-text-bottom\" >\n\n                  <div class=\"box-image \" style=\"width:85%;\">\n           <div class=\"box-image-inner image-cover\" style=\"padding-top:100%;\">\n              <img loading=\"lazy\" decoding=\"async\" width=\"500\" height=\"500\" src=\"https:\/\/saatoenergia.fi\/en\/wp-content\/uploads\/2023\/07\/SSE_indrek_tiits.jpg\" class=\"attachment- size-\" alt=\"\" srcset=\"https:\/\/saatoenergia.fi\/en\/wp-content\/uploads\/2023\/07\/SSE_indrek_tiits.jpg 500w, https:\/\/saatoenergia.fi\/en\/wp-content\/uploads\/2023\/07\/SSE_indrek_tiits-300x300.jpg 300w, https:\/\/saatoenergia.fi\/en\/wp-content\/uploads\/2023\/07\/SSE_indrek_tiits-150x150.jpg 150w, https:\/\/saatoenergia.fi\/en\/wp-content\/uploads\/2023\/07\/SSE_indrek_tiits-100x100.jpg 100w\" sizes=\"auto, (max-width: 500px) 100vw, 500px\" \/>                         <\/div>\n          <\/div>\n         \n          <div class=\"box-text text-center\" style=\"background-color:rgb(255, 255, 255);padding:20px 20px 20px 20px;\">\n                <div class=\"box-text-inner\">\n                  <h4 class=\"uppercase\">\n                    <span class=\"person-name\">Indrek Tiits<\/span><br\/>\n                    <span class=\"person-title is-small thin-font op-7\">\n                      Member of the board. Sales director                    <\/span>\n                  <\/h4>\n                 <div class=\"social-icons follow-icons\" ><a href=\"mailto:indrek.tiits@saatoenergia.fi\" data-label=\"E-mail\" rel=\"nofollow\" class=\"icon button circle is-outline  email tooltip\" title=\"Send us an email\" aria-label=\"Send us an email\"><i class=\"icon-envelop\" ><\/i><\/a><a href=\"tel:+372 5820 7270\" target=\"_blank\" data-label=\"Phone\" rel=\"noopener noreferrer nofollow\" class=\"icon button circle is-outline  phone tooltip\" title=\"Call us\" aria-label=\"Call us\"><i class=\"icon-phone\" ><\/i><\/a><\/div>                 \n\n<p>+372 5820 7270<\/p>\n<p>indrek.tiits@saatoenergia.fi<\/p>\n<p>\u00a0<\/p>\n<p>\u00a0<\/p>\n<p>\u00a0<\/p>\n\n                <\/div>\n          <\/div>\n    <\/div>\n\n\t\n    \n\n\t\t<\/div>\n\t\t\t\t\t<\/div>\n\n\t\n\n<\/div>\n\n\t\t<\/div>\n\n\t\t\n<style>\n#section_1839359859 {\n  padding-top: 70px;\n  padding-bottom: 70px;\n  background-color: rgb(244, 244, 244);\n}\n#section_1839359859 .ux-shape-divider--top svg {\n  height: 150px;\n  --divider-top-width: 100%;\n}\n#section_1839359859 .ux-shape-divider--bottom svg {\n  height: 150px;\n  --divider-width: 100%;\n}\n@media (min-width:550px) {\n  #section_1839359859 {\n    padding-top: 90px;\n    padding-bottom: 90px;\n  }\n}\n<\/style>\n\t<\/section>\n\t\n\n","protected":false},"excerpt":{"rendered":"","protected":false},"author":1,"featured_media":0,"parent":0,"menu_order":0,"comment_status":"closed","ping_status":"closed","template":"page-blank.php","meta":{"footnotes":""},"class_list":["post-112","page","type-page","status-publish","hentry"],"_links":{"self":[{"href":"https:\/\/saatoenergia.fi\/en\/wp-json\/wp\/v2\/pages\/112","targetHints":{"allow":["GET"]}}],"collection":[{"href":"https:\/\/saatoenergia.fi\/en\/wp-json\/wp\/v2\/pages"}],"about":[{"href":"https:\/\/saatoenergia.fi\/en\/wp-json\/wp\/v2\/types\/page"}],"author":[{"embeddable":true,"href":"https:\/\/saatoenergia.fi\/en\/wp-json\/wp\/v2\/users\/1"}],"replies":[{"embeddable":true,"href":"https:\/\/saatoenergia.fi\/en\/wp-json\/wp\/v2\/comments?post=112"}],"version-history":[{"count":15,"href":"https:\/\/saatoenergia.fi\/en\/wp-json\/wp\/v2\/pages\/112\/revisions"}],"predecessor-version":[{"id":461,"href":"https:\/\/saatoenergia.fi\/en\/wp-json\/wp\/v2\/pages\/112\/revisions\/461"}],"wp:attachment":[{"href":"https:\/\/saatoenergia.fi\/en\/wp-json\/wp\/v2\/media?parent=112"}],"curies":[{"name":"wp","href":"https:\/\/api.w.org\/{rel}","templated":true}]}}